{"id":295,"date":"2020-03-19T00:48:16","date_gmt":"2020-03-19T00:48:16","guid":{"rendered":"https:\/\/marcjuneau.ca\/?page_id=295"},"modified":"2020-03-19T00:48:16","modified_gmt":"2020-03-19T00:48:16","slug":"a-propos-de-moi","status":"publish","type":"page","link":"https:\/\/marcjuneau.ca\/?page_id=295","title":{"rendered":"\u00c0 propos de moi"},"content":{"rendered":"\n<p><img loading=\"lazy\" decoding=\"async\" class=\"alignnone size-full wp-image-289\" src=\"https:\/\/marcjuneau.ca\/wp-content\/uploads\/2020\/03\/moi.jpg\" alt=\"\" width=\"529\" height=\"360\" srcset=\"https:\/\/marcjuneau.ca\/wp-content\/uploads\/2020\/03\/moi.jpg 529w, https:\/\/marcjuneau.ca\/wp-content\/uploads\/2020\/03\/moi-300x204.jpg 300w\" sizes=\"auto, (max-width: 529px) 100vw, 529px\" \/><\/p>\n<p>Gr\u00e2ce \u00e0 ma formation universitaire en g\u00e9nie \u00e9lectronique et \u00e0 mon exp\u00e9rience industrielle, je peux vous aider \u00e0 accomplir vos projets en \u00e9lectronique. Pour un conseil ou un projet cl\u00e9 en main, contactez-moi \u00e0\u00a0<a href=\"mailto:marcjuneau@axesstek.com\">marcjuneau@axesstek.com<\/a><\/p>\n<p>Mes champs de comp\u00e9tences sont :<\/p>\n<ul>\n<li>Gestion de projet<\/li>\n<li>Programmation \u00a0microcontr\u00f4leurs : Atmel \u2013 Microchip \u2013 Freescale<\/li>\n<li>Conception de circuits imprim\u00e9s ( Orcad \u2013 Altium \u2013 NI \u2013 Eagle )<\/li>\n<li>Conception en micro\u00e9lectronique (FPGA\/CPLD) : Xilinx \u2013 Altera \u2013 Lattice<\/li>\n<li>Langage de programmation :\u00a0C\/C++ \u00a0\u2013 \u00a0 Java \u00a0 \u2013 \u00a0Assembleur \u00a0\u2013 \u00a0VHDL \u00a0 \u2013 \u00a0 Web [php, script, html, xml]<\/li>\n<\/ul>\n","protected":false},"excerpt":{"rendered":"<p>Gr\u00e2ce \u00e0 ma formation universitaire en g\u00e9nie \u00e9lectronique et \u00e0 mon exp\u00e9rience industrielle, je peux vous aider \u00e0 accomplir vos projets en \u00e9lectronique. Pour un conseil ou un projet cl\u00e9 en main, contactez-moi \u00e0\u00a0marcjuneau@axesstek.com Mes champs de comp\u00e9tences sont : Gestion de projet Programmation \u00a0microcontr\u00f4leurs : Atmel \u2013 Microchip \u2013<span class=\"more-link\"><a href=\"https:\/\/marcjuneau.ca\/?page_id=295\">Continue Reading<\/a><\/span><\/p>\n","protected":false},"author":1,"featured_media":0,"parent":0,"menu_order":0,"comment_status":"closed","ping_status":"closed","template":"","meta":{"footnotes":""},"class_list":["entry","author-mjuneau","post-295","page","type-page","status-publish"],"_links":{"self":[{"href":"https:\/\/marcjuneau.ca\/index.php?rest_route=\/wp\/v2\/pages\/295","targetHints":{"allow":["GET"]}}],"collection":[{"href":"https:\/\/marcjuneau.ca\/index.php?rest_route=\/wp\/v2\/pages"}],"about":[{"href":"https:\/\/marcjuneau.ca\/index.php?rest_route=\/wp\/v2\/types\/page"}],"author":[{"embeddable":true,"href":"https:\/\/marcjuneau.ca\/index.php?rest_route=\/wp\/v2\/users\/1"}],"replies":[{"embeddable":true,"href":"https:\/\/marcjuneau.ca\/index.php?rest_route=%2Fwp%2Fv2%2Fcomments&post=295"}],"version-history":[{"count":1,"href":"https:\/\/marcjuneau.ca\/index.php?rest_route=\/wp\/v2\/pages\/295\/revisions"}],"predecessor-version":[{"id":297,"href":"https:\/\/marcjuneau.ca\/index.php?rest_route=\/wp\/v2\/pages\/295\/revisions\/297"}],"wp:attachment":[{"href":"https:\/\/marcjuneau.ca\/index.php?rest_route=%2Fwp%2Fv2%2Fmedia&parent=295"}],"curies":[{"name":"wp","href":"https:\/\/api.w.org\/{rel}","templated":true}]}}